{"id":10,"date":"2017-12-29T12:04:55","date_gmt":"2017-12-29T11:04:55","guid":{"rendered":"http:\/\/ghana-daakye.com\/?page_id=10"},"modified":"2018-03-11T10:25:00","modified_gmt":"2018-03-11T09:25:00","slug":"ueber-uns","status":"publish","type":"page","link":"http:\/\/ghana-daakye.com\/?page_id=10","title":{"rendered":"\u00dcber uns"},"content":{"rendered":"<p><strong>DAAKYE<\/strong> (<em>gesprochen <strong>Daatshi<\/strong><\/em>) ist ein Wort aus dem Twi. Neben der Amtssprache Englisch ist das die am weitesten verbreitete Sprache in Ghana. &#8222;<strong>Daakye<\/strong>&#8220; bedeutet \u00fcbersetzt <span style=\"display: inline !important; float: none; background-color: transparent; color: #333333; cursor: text; font-family: Georgia,'Times New Roman','Bitstream Charter',Times,serif; font-size: 16px; font-style: normal; font-variant: normal; font-weight: 400; letter-spacing: normal; orphans: 2; text-align: left; text-decoration: none; text-indent: 0px; text-transform: none; -webkit-text-stroke-width: 0px; white-space: normal; word-spacing: 0px;\">&#8222;<\/span><strong>Zukunft<\/strong><span style=\"display: inline !important; float: none; background-color: transparent; color: #333333; cursor: text; font-family: Georgia,'Times New Roman','Bitstream Charter',Times,serif; font-size: 16px; font-style: normal; font-variant: normal; font-weight: 400; letter-spacing: normal; orphans: 2; text-align: left; text-decoration: none; text-indent: 0px; text-transform: none; -webkit-text-stroke-width: 0px; white-space: normal; word-spacing: 0px;\">&#8220; <\/span>.<\/p>\n<p>Mit unseren Projekten wollen wir einen Teil dazu beitragen, Zukunft zu gestalten.<br \/>\nSelbst \u00fcber seine Zukunft bestimmen zu k\u00f6nnen ist ein Privileg, das viele Kinder in Ghana nicht haben. Einige besuchen nicht die Schule, andere k\u00e4mpfen f\u00fcr ein Dach \u00fcber dem Kopf. Wer kein Englisch spricht oder nicht lernt zu lesen, muss viel Gl\u00fcck haben, um einen Job zu finden. F\u00fcr viele hei\u00dft die Perspektive &#8222;Stra\u00dfenverkauf&#8220;. Das bedeutet f\u00fcr die (teils sehr jungen) Menschen, an den Stra\u00dfen und Taxistationen zu stehen und vom Kopf herunter f\u00fcr wenig Geld, Essen, Trinken und &#8222;Plunder&#8220; zu verkaufen. Nicht selten werden sie dabei um ihr weniges Geld betrogen.<br \/>\nWir w\u00fcnschen uns, dass jedes Kind die Chance hat, seine Zukunft selbst in die Hand zu nehmen und einer Perspektive ins Auge sehen kann, die das Leben bereichert.<\/p>\n<p>Um dies zu erreichen, wollen wir bei der Bildung der Kinder ansetzen und Rahmenbedingungen schaffen, in welchen sich die Kinder bestm\u00f6glich entwickeln k\u00f6nnen. Unser Fokus liegt dabei im Moment auf zwei konkreten Projekten, so dass wir genau beobachten k\u00f6nnen, ob unsere Vision bereits Formen annimmt.<\/p>\n<h2><strong>Wer steckt hinter dem Projekt?<\/strong><\/h2>\n<p><a href=\"http:\/\/ghana-daakye.com\/wp-content\/uploads\/2018\/01\/Ghana17_477.jpg\" rel=\"lightbox[10]\"><img decoding=\"async\" loading=\"lazy\" class=\"wp-image-166 aligncenter\" src=\"http:\/\/ghana-daakye.com\/wp-content\/uploads\/2018\/01\/Ghana17_477-1024x577.jpg\" alt=\"\" width=\"435\" height=\"245\" srcset=\"http:\/\/ghana-daakye.com\/wp-content\/uploads\/2018\/01\/Ghana17_477-1024x577.jpg 1024w, http:\/\/ghana-daakye.com\/wp-content\/uploads\/2018\/01\/Ghana17_477-300x169.jpg 300w, http:\/\/ghana-daakye.com\/wp-content\/uploads\/2018\/01\/Ghana17_477-768x433.jpg 768w, http:\/\/ghana-daakye.com\/wp-content\/uploads\/2018\/01\/Ghana17_477-520x293.jpg 520w, http:\/\/ghana-daakye.com\/wp-content\/uploads\/2018\/01\/Ghana17_477-740x417.jpg 740w, http:\/\/ghana-daakye.com\/wp-content\/uploads\/2018\/01\/Ghana17_477.jpg 1136w\" sizes=\"(max-width: 435px) 100vw, 435px\" \/><\/a><\/p>\n<p>Mein Name ist Melanie Borgert. Ich bin 21 Jahre alt und studiere im sechsten Semester Religionsp\u00e4dagogik und Soziale Arbeit in Hannover. Im Fr\u00fchjahr 2015 war ich anl\u00e4sslich eines Praktikums zum ersten Mal in Ghana. Ich arbeitete in einer Grundschule in Begoro mit, bereiste das Land und lernte viele Menschen kennen. Nach drei Monaten ging es zur\u00fcck nach Deutschland, doch das Erlebte hat mich nie losgelassen. Im Sommer 2017 reiste ich erneut nach Ghana und besuchte meine Freunde. Ich beschloss, sie nun noch mehr zu unterst\u00fctzen als ich es vor der Reise bereits durch verschiedene Spendenaktionen getan habe. Die Idee dieser Website war geboren. Ich hoffe, dass meine Tr\u00e4ume und Ideen auf diese Weise viele Menschen erreichen k\u00f6nnen, sodass wir gemeinsam die Zukunft der Kinder ein St\u00fcckchen besser machen k\u00f6nnen.<\/p>\n<p>&nbsp;<\/p>\n","protected":false},"excerpt":{"rendered":"<p>DAAKYE (gesprochen Daatshi) ist ein Wort aus dem Twi. Neben der Amtssprache Englisch ist das die am weitesten verbreitete Sprache in Ghana. &#8222;Daakye&#8220; bedeutet \u00fcbersetzt &#8222;Zukunft&#8220; . Mit unseren Projekten wollen wir einen Teil dazu<a class=\"read-more\" href=\"http:\/\/ghana-daakye.com\/?page_id=10\">Continue reading<\/a><\/p>\n","protected":false},"author":1,"featured_media":0,"parent":0,"menu_order":0,"comment_status":"closed","ping_status":"closed","template":"page-templates\/page_fullwidth.php","meta":[],"_links":{"self":[{"href":"http:\/\/ghana-daakye.com\/index.php?rest_route=\/wp\/v2\/pages\/10"}],"collection":[{"href":"http:\/\/ghana-daakye.com\/index.php?rest_route=\/wp\/v2\/pages"}],"about":[{"href":"http:\/\/ghana-daakye.com\/index.php?rest_route=\/wp\/v2\/types\/page"}],"author":[{"embeddable":true,"href":"http:\/\/ghana-daakye.com\/index.php?rest_route=\/wp\/v2\/users\/1"}],"replies":[{"embeddable":true,"href":"http:\/\/ghana-daakye.com\/index.php?rest_route=%2Fwp%2Fv2%2Fcomments&post=10"}],"version-history":[{"count":8,"href":"http:\/\/ghana-daakye.com\/index.php?rest_route=\/wp\/v2\/pages\/10\/revisions"}],"predecessor-version":[{"id":221,"href":"http:\/\/ghana-daakye.com\/index.php?rest_route=\/wp\/v2\/pages\/10\/revisions\/221"}],"wp:attachment":[{"href":"http:\/\/ghana-daakye.com\/index.php?rest_route=%2Fwp%2Fv2%2Fmedia&parent=10"}],"curies":[{"name":"wp","href":"https:\/\/api.w.org\/{rel}","templated":true}]}}