{"id":48,"date":"2017-12-29T13:31:53","date_gmt":"2017-12-29T12:31:53","guid":{"rendered":"http:\/\/ghana-daakye.com\/?page_id=48"},"modified":"2018-03-11T10:34:35","modified_gmt":"2018-03-11T09:34:35","slug":"ibrahim-und-seine-herzenssache","status":"publish","type":"page","link":"http:\/\/ghana-daakye.com\/?page_id=48","title":{"rendered":"Der Beginn"},"content":{"rendered":"<p>&#8222;Eine einzige Begegnung kann dein Leben ver\u00e4ndern.&#8220; Was auch immer man von diesem Spruch halten mag, es \u00e4ndert nichts daran, dass es eine einzige Begegnung war, die zu diesem Projekt gef\u00fchrt hat.<\/p>\n<p>Der Mann, der mir in Larabanga begegnete, hei\u00dft Ibrahim Soburu. Ich traf ihn, als ich im Mole Nationalpark sa\u00df und dar\u00fcber gr\u00fcbelte, ob ich mir noch eine weitere Nacht im Hotel leisten konnte. &#8222;\u00dcbernachte doch in meinem Waisenhaus!&#8220; sagte er. Erst war ich mir unsicher. Allein, als 19 J\u00e4hrige, bei einem fremden Mann \u00fcbernachten? Ich wei\u00df nicht genau, was mich dazu bewegt hat, sein Angebot dennoch anzunehmen, jedoch bin ich der \u00dcberzeugung,\u00a0 dass es eine der besten Entscheidungen war, die ich in meinem Leben getroffen habe.<\/p>\n<p>Noch nie wurde ich so herzlich an einem Ort aufgenommen. Ibrahim \u00fcberlie\u00df mir sein Zimmer und schlief drau\u00dfen auf dem Boden, er zeigt mir das Dorf und nahm mich mit zu seinen Freunden. Wir schauten gemeinsam Fu\u00dfball, kochten und es war, als geh\u00f6rte ich schon immer zur Familie.<\/p>\n<p>Ibrahim stellte mir seine Arbeit vor und es hat mich schwer beeindruckt, wie er alle Schwierigkeiten zu meistern versuchte und mit dem Herzen bei den Kindern war. Wir sa\u00dfen am Abend noch lange zusammen und unterhielten uns. W\u00e4hrenddessen waren auch viele Kinder noch wach. Sie halfen, alte Plastikdosen zu sp\u00fclen, in die Shea-Butter abgef\u00fcllt werden sollte. Mit dem Verkauf verdienten sie etwas Geld, denn die Armut in Larabanga ist gro\u00df.<\/p>\n<p>Am n\u00e4chsten Morgen musste ich mich wieder auf den Weg nach Hause machen. Doch auch noch Wochen sp\u00e4ter konnte ich nicht aufh\u00f6ren, \u00fcber Ibrahim und das Projekt nachzudenken. Ich beschloss, ihn mit seinen Ideen und Visionen nicht alleine zu lassen.<\/p>\n","protected":false},"excerpt":{"rendered":"<p>&#8222;Eine einzige Begegnung kann dein Leben ver\u00e4ndern.&#8220; Was auch immer man von diesem Spruch halten mag, es \u00e4ndert nichts daran, dass es eine einzige Begegnung war, die zu diesem Projekt gef\u00fchrt hat. Der Mann, der<a class=\"read-more\" href=\"http:\/\/ghana-daakye.com\/?page_id=48\">Continue reading<\/a><\/p>\n","protected":false},"author":1,"featured_media":0,"parent":16,"menu_order":0,"comment_status":"closed","ping_status":"closed","template":"page-templates\/page_fullwidth.php","meta":[],"_links":{"self":[{"href":"http:\/\/ghana-daakye.com\/index.php?rest_route=\/wp\/v2\/pages\/48"}],"collection":[{"href":"http:\/\/ghana-daakye.com\/index.php?rest_route=\/wp\/v2\/pages"}],"about":[{"href":"http:\/\/ghana-daakye.com\/index.php?rest_route=\/wp\/v2\/types\/page"}],"author":[{"embeddable":true,"href":"http:\/\/ghana-daakye.com\/index.php?rest_route=\/wp\/v2\/users\/1"}],"replies":[{"embeddable":true,"href":"http:\/\/ghana-daakye.com\/index.php?rest_route=%2Fwp%2Fv2%2Fcomments&post=48"}],"version-history":[{"count":5,"href":"http:\/\/ghana-daakye.com\/index.php?rest_route=\/wp\/v2\/pages\/48\/revisions"}],"predecessor-version":[{"id":230,"href":"http:\/\/ghana-daakye.com\/index.php?rest_route=\/wp\/v2\/pages\/48\/revisions\/230"}],"up":[{"embeddable":true,"href":"http:\/\/ghana-daakye.com\/index.php?rest_route=\/wp\/v2\/pages\/16"}],"wp:attachment":[{"href":"http:\/\/ghana-daakye.com\/index.php?rest_route=%2Fwp%2Fv2%2Fmedia&parent=48"}],"curies":[{"name":"wp","href":"https:\/\/api.w.org\/{rel}","templated":true}]}}