{"id":52,"date":"2017-12-29T13:32:23","date_gmt":"2017-12-29T12:32:23","guid":{"rendered":"http:\/\/ghana-daakye.com\/?page_id=52"},"modified":"2018-01-11T20:39:32","modified_gmt":"2018-01-11T19:39:32","slug":"naechste-schritte","status":"publish","type":"page","link":"http:\/\/ghana-daakye.com\/?page_id=52","title":{"rendered":"N\u00e4chste Schritte"},"content":{"rendered":"<p><a href=\"http:\/\/ghana-daakye.com\/wp-content\/uploads\/2018\/01\/WhatsApp-Image-2017-12-30-at-17.02.18.jpeg\" rel=\"lightbox[52]\"><img decoding=\"async\" loading=\"lazy\" class=\"aligncenter wp-image-146\" src=\"http:\/\/ghana-daakye.com\/wp-content\/uploads\/2018\/01\/WhatsApp-Image-2017-12-30-at-17.02.18-300x169.jpeg\" alt=\"\" width=\"374\" height=\"211\" srcset=\"http:\/\/ghana-daakye.com\/wp-content\/uploads\/2018\/01\/WhatsApp-Image-2017-12-30-at-17.02.18-300x169.jpeg 300w, http:\/\/ghana-daakye.com\/wp-content\/uploads\/2018\/01\/WhatsApp-Image-2017-12-30-at-17.02.18-768x432.jpeg 768w, http:\/\/ghana-daakye.com\/wp-content\/uploads\/2018\/01\/WhatsApp-Image-2017-12-30-at-17.02.18-1024x576.jpeg 1024w, http:\/\/ghana-daakye.com\/wp-content\/uploads\/2018\/01\/WhatsApp-Image-2017-12-30-at-17.02.18-520x292.jpeg 520w, http:\/\/ghana-daakye.com\/wp-content\/uploads\/2018\/01\/WhatsApp-Image-2017-12-30-at-17.02.18-740x416.jpeg 740w, http:\/\/ghana-daakye.com\/wp-content\/uploads\/2018\/01\/WhatsApp-Image-2017-12-30-at-17.02.18.jpeg 1080w\" sizes=\"(max-width: 374px) 100vw, 374px\" \/><\/a><\/p>\n<p style=\"text-align: left;\">Auf diesem Bild siehst du den aktuellen Stand des ersten Geb\u00e4udes.<br \/>\nDie n\u00e4chsten Schritte im Bau sind<\/p>\n<ul>\n<li style=\"text-align: left;\">Das Einsetzen von 7 T\u00fcren. Kosten: ca. 250\u20ac<\/li>\n<li style=\"text-align: left;\">Verputzen von Wand und Boden, sowie Streichen der W\u00e4nde. Kosten: ca. 400\u20ac<\/li>\n<li>Elektrizit\u00e4t. Kosten: 150\u20ac<\/li>\n<\/ul>\n<p style=\"text-align: left;\">Wie du uns unterst\u00fctzen kannst, erf\u00e4hrst du<a href=\"http:\/\/ghana-daakye.com\/?page_id=14\"> hier<\/a>.<\/p>\n<p>&nbsp;<\/p>\n<p>Fotos vom Verlauf des Baus:<\/p>\n<p><a href=\"http:\/\/ghana-daakye.com\/wp-content\/uploads\/2018\/01\/3.jpg\" rel=\"lightbox[52]\"><img decoding=\"async\" loading=\"lazy\" class=\"alignnone wp-image-147 size-medium\" src=\"http:\/\/ghana-daakye.com\/wp-content\/uploads\/2018\/01\/3-300x225.jpg\" alt=\"\" width=\"300\" height=\"225\" srcset=\"http:\/\/ghana-daakye.com\/wp-content\/uploads\/2018\/01\/3-300x225.jpg 300w, http:\/\/ghana-daakye.com\/wp-content\/uploads\/2018\/01\/3-768x576.jpg 768w, http:\/\/ghana-daakye.com\/wp-content\/uploads\/2018\/01\/3.jpg 1024w, http:\/\/ghana-daakye.com\/wp-content\/uploads\/2018\/01\/3-520x390.jpg 520w, http:\/\/ghana-daakye.com\/wp-content\/uploads\/2018\/01\/3-740x555.jpg 740w\" sizes=\"(max-width: 300px) 100vw, 300px\" \/><\/a> <a href=\"http:\/\/ghana-daakye.com\/wp-content\/uploads\/2018\/01\/Ghana17_500.jpg\" rel=\"lightbox[52]\"><img decoding=\"async\" loading=\"lazy\" class=\"alignnone wp-image-148 size-medium\" src=\"http:\/\/ghana-daakye.com\/wp-content\/uploads\/2018\/01\/Ghana17_500-300x225.jpg\" alt=\"\" width=\"300\" height=\"225\" srcset=\"http:\/\/ghana-daakye.com\/wp-content\/uploads\/2018\/01\/Ghana17_500-300x225.jpg 300w, http:\/\/ghana-daakye.com\/wp-content\/uploads\/2018\/01\/Ghana17_500-768x576.jpg 768w, http:\/\/ghana-daakye.com\/wp-content\/uploads\/2018\/01\/Ghana17_500.jpg 1024w, http:\/\/ghana-daakye.com\/wp-content\/uploads\/2018\/01\/Ghana17_500-520x390.jpg 520w, http:\/\/ghana-daakye.com\/wp-content\/uploads\/2018\/01\/Ghana17_500-740x555.jpg 740w\" sizes=\"(max-width: 300px) 100vw, 300px\" \/><\/a> <a href=\"http:\/\/ghana-daakye.com\/wp-content\/uploads\/2018\/01\/WhatsApp-Image-2017-12-30-at-17.02.19.jpeg\" rel=\"lightbox[52]\"><img decoding=\"async\" loading=\"lazy\" class=\"alignnone wp-image-149 \" src=\"http:\/\/ghana-daakye.com\/wp-content\/uploads\/2018\/01\/WhatsApp-Image-2017-12-30-at-17.02.19-300x169.jpeg\" alt=\"\" width=\"387\" height=\"218\" srcset=\"http:\/\/ghana-daakye.com\/wp-content\/uploads\/2018\/01\/WhatsApp-Image-2017-12-30-at-17.02.19-300x169.jpeg 300w, http:\/\/ghana-daakye.com\/wp-content\/uploads\/2018\/01\/WhatsApp-Image-2017-12-30-at-17.02.19-768x432.jpeg 768w, http:\/\/ghana-daakye.com\/wp-content\/uploads\/2018\/01\/WhatsApp-Image-2017-12-30-at-17.02.19-1024x576.jpeg 1024w, http:\/\/ghana-daakye.com\/wp-content\/uploads\/2018\/01\/WhatsApp-Image-2017-12-30-at-17.02.19-520x292.jpeg 520w, http:\/\/ghana-daakye.com\/wp-content\/uploads\/2018\/01\/WhatsApp-Image-2017-12-30-at-17.02.19-740x416.jpeg 740w, http:\/\/ghana-daakye.com\/wp-content\/uploads\/2018\/01\/WhatsApp-Image-2017-12-30-at-17.02.19.jpeg 1080w\" sizes=\"(max-width: 387px) 100vw, 387px\" \/><\/a><\/p>\n","protected":false},"excerpt":{"rendered":"<p>Auf diesem Bild siehst du den aktuellen Stand des ersten Geb\u00e4udes. Die n\u00e4chsten Schritte im Bau sind Das Einsetzen von 7 T\u00fcren. Kosten: ca. 250\u20ac Verputzen von Wand und Boden, sowie Streichen der W\u00e4nde. Kosten:<a class=\"read-more\" href=\"http:\/\/ghana-daakye.com\/?page_id=52\">Continue reading<\/a><\/p>\n","protected":false},"author":1,"featured_media":0,"parent":16,"menu_order":0,"comment_status":"closed","ping_status":"closed","template":"page-templates\/page_fullwidth.php","meta":[],"_links":{"self":[{"href":"http:\/\/ghana-daakye.com\/index.php?rest_route=\/wp\/v2\/pages\/52"}],"collection":[{"href":"http:\/\/ghana-daakye.com\/index.php?rest_route=\/wp\/v2\/pages"}],"about":[{"href":"http:\/\/ghana-daakye.com\/index.php?rest_route=\/wp\/v2\/types\/page"}],"author":[{"embeddable":true,"href":"http:\/\/ghana-daakye.com\/index.php?rest_route=\/wp\/v2\/users\/1"}],"replies":[{"embeddable":true,"href":"http:\/\/ghana-daakye.com\/index.php?rest_route=%2Fwp%2Fv2%2Fcomments&post=52"}],"version-history":[{"count":7,"href":"http:\/\/ghana-daakye.com\/index.php?rest_route=\/wp\/v2\/pages\/52\/revisions"}],"predecessor-version":[{"id":195,"href":"http:\/\/ghana-daakye.com\/index.php?rest_route=\/wp\/v2\/pages\/52\/revisions\/195"}],"up":[{"embeddable":true,"href":"http:\/\/ghana-daakye.com\/index.php?rest_route=\/wp\/v2\/pages\/16"}],"wp:attachment":[{"href":"http:\/\/ghana-daakye.com\/index.php?rest_route=%2Fwp%2Fv2%2Fmedia&parent=52"}],"curies":[{"name":"wp","href":"https:\/\/api.w.org\/{rel}","templated":true}]}}