{"id":54,"date":"2017-12-29T13:32:47","date_gmt":"2017-12-29T12:32:47","guid":{"rendered":"http:\/\/ghana-daakye.com\/?page_id=54"},"modified":"2018-03-11T10:20:43","modified_gmt":"2018-03-11T09:20:43","slug":"ibrahims-reiseservice","status":"publish","type":"page","link":"http:\/\/ghana-daakye.com\/?page_id=54","title":{"rendered":"Ibrahims Reiseservice"},"content":{"rendered":"<p><a href=\"http:\/\/ghana-daakye.com\/wp-content\/uploads\/2018\/01\/Ghana17_600-2.jpg\" rel=\"lightbox[54]\"><img decoding=\"async\" loading=\"lazy\" class=\"wp-image-158 alignright\" src=\"http:\/\/ghana-daakye.com\/wp-content\/uploads\/2018\/01\/Ghana17_600-2.jpg\" alt=\"\" width=\"282\" height=\"252\" srcset=\"http:\/\/ghana-daakye.com\/wp-content\/uploads\/2018\/01\/Ghana17_600-2.jpg 861w, http:\/\/ghana-daakye.com\/wp-content\/uploads\/2018\/01\/Ghana17_600-2-300x268.jpg 300w, http:\/\/ghana-daakye.com\/wp-content\/uploads\/2018\/01\/Ghana17_600-2-768x685.jpg 768w, http:\/\/ghana-daakye.com\/wp-content\/uploads\/2018\/01\/Ghana17_600-2-520x464.jpg 520w, http:\/\/ghana-daakye.com\/wp-content\/uploads\/2018\/01\/Ghana17_600-2-740x660.jpg 740w\" sizes=\"(max-width: 282px) 100vw, 282px\" \/><\/a>Ibrahim, der Leiter des von uns unterst\u00fctzten Waisenhauses, arbeitet als Reisef\u00fchrer. Das Geld, das er verdient, flie\u00dft direkt in seine Arbeit mit den Kindern. Er freut sich immer dar\u00fcber, neue Menschen aus der ganzen Welt kennenzulernen und ihnen seine Arbeit vorzustellen.<\/p>\n<p>Larabanga grenzt direkt an den Mole-Nationalpark. Ein Gro\u00dfteil derer, die nach Ghana reisen, plant mindesten einmal einen Besuch im Norden des Landes.<\/p>\n<p>Ibrahim ist bei der Planung und Durchf\u00fchrung dieses Besuchs gerne behilflich.<\/p>\n<p>Du erreichst ihn unter:<\/p>\n<p>Tel.: +233 54 963 2615<br \/>\nFacebook:\u00a0<a href=\"https:\/\/www.facebook.com\/ibrahimsoburu1\/\">https:\/\/www.facebook.com\/ibrahimsoburu1\/<\/a><br \/>\nWebsite:\u00a0<a href=\"http:\/\/ibrahimsoburu.blogspot.de\/\">http:\/\/ibrahimsoburu.blogspot.de\/<\/a><\/p>\n<p>Seine Arbeit umfasst:<\/p>\n<p><strong>Die Organisation von Taxis<\/strong><br \/>\nEr bestellt euch gerne ein Taxi zur Fulfusu Junction. Dieses bringt euch dann direct in den Park. Kosten: 200 Cedi. Ihr spart euch damit das Warten darauf, dass das Trotro voll\u00a0 wird.<br \/>\nWer lieber den g\u00fcnstigeren Transport per Trotro bis Damango w\u00e4hlen m\u00f6chte, kann dort von Ibrahims Fahrer abgeholt werden. Die Kosten f\u00fcr das Taxi von dort bis zum Park betragen 50 Cedi.<\/p>\n<p><strong>Die Organisation von Bussen<\/strong><br \/>\nSehr l\u00e4stig ist es, nach dem Aufenthalt in Mole erst nach Tamale fahren zu m\u00fcssen, um dort in einen der gro\u00dfen Busse einsteigen zu k\u00f6nnen. Das hat auch Ibrahim erkannt. Er hat einen besonderen Deal mit den Fahrern der Busse geschlossen, sodass sie extra f\u00fcr euch an der Fulfusu Junction anhalten. So spart ihr euch den langen Weg nach Tamale und zur\u00fcck. M\u00f6glich ist dies f\u00fcr Busse nach Accra und Kumasi.<\/p>\n<p><strong>Die Unterkunft<\/strong><br \/>\nWer nicht im Mole Motel einkehren m\u00f6chte, hat nur wenige M\u00f6glichkeiten. Eine, die Ibrahim euch er\u00f6ffnet, ist die Unterbringung in seinem Waisenhaus. Ihr schlaft in einem eigenen Zimmer und bekommt das Leben im Projekt hautnah mit, dazu geh\u00f6rt auch das Erlebnis der Loch-Toilette und der Eimerdusche. Ibrahim sorgt f\u00fcr eure Verpflegung. Die Kosten f\u00fcr eine Mahlzeit liegen bei 10 Cedi.<br \/>\nF\u00fcr die Unterkunft verlangt Ibrahim kein Geld. Er freut sich allerdings sehr \u00fcber eine Spende. Die H\u00f6he bestimmt ihr dabei selbst.<\/p>\n<p><strong>Touristenaktionen<\/strong><br \/>\nIbrahim wei\u00df bestens \u00fcber alle Aktionen in und um Larabanga Bescheid. Er gibt euch Auskunft und organisiert alle Trips f\u00fcr euch, sodass ihr euch entspannt zur\u00fccklehnen k\u00f6nnt. Gerne f\u00fchrt er euch auch pers\u00f6nlich zur Moschee in Larabanga, dem \u00e4ltesten Geb\u00e4ude in ganz Ghana.<\/p>\n<p><a href=\"http:\/\/ghana-daakye.com\/wp-content\/uploads\/2018\/01\/Ghana17_534.jpg\" rel=\"lightbox[54]\"><img decoding=\"async\" loading=\"lazy\" class=\"alignnone wp-image-160\" src=\"http:\/\/ghana-daakye.com\/wp-content\/uploads\/2018\/01\/Ghana17_534-1024x768.jpg\" alt=\"\" width=\"362\" height=\"272\" srcset=\"http:\/\/ghana-daakye.com\/wp-content\/uploads\/2018\/01\/Ghana17_534.jpg 1024w, http:\/\/ghana-daakye.com\/wp-content\/uploads\/2018\/01\/Ghana17_534-300x225.jpg 300w, http:\/\/ghana-daakye.com\/wp-content\/uploads\/2018\/01\/Ghana17_534-768x576.jpg 768w, http:\/\/ghana-daakye.com\/wp-content\/uploads\/2018\/01\/Ghana17_534-520x390.jpg 520w, http:\/\/ghana-daakye.com\/wp-content\/uploads\/2018\/01\/Ghana17_534-740x555.jpg 740w\" sizes=\"(max-width: 362px) 100vw, 362px\" \/><\/a> <a href=\"http:\/\/ghana-daakye.com\/wp-content\/uploads\/2018\/01\/Ghana17_599.jpg\" rel=\"lightbox[54]\"><img decoding=\"async\" loading=\"lazy\" class=\"alignnone wp-image-159\" src=\"http:\/\/ghana-daakye.com\/wp-content\/uploads\/2018\/01\/Ghana17_599-1024x768.jpg\" alt=\"\" width=\"357\" height=\"268\" srcset=\"http:\/\/ghana-daakye.com\/wp-content\/uploads\/2018\/01\/Ghana17_599.jpg 1024w, http:\/\/ghana-daakye.com\/wp-content\/uploads\/2018\/01\/Ghana17_599-300x225.jpg 300w, http:\/\/ghana-daakye.com\/wp-content\/uploads\/2018\/01\/Ghana17_599-768x576.jpg 768w, http:\/\/ghana-daakye.com\/wp-content\/uploads\/2018\/01\/Ghana17_599-520x390.jpg 520w, http:\/\/ghana-daakye.com\/wp-content\/uploads\/2018\/01\/Ghana17_599-740x555.jpg 740w\" sizes=\"(max-width: 357px) 100vw, 357px\" \/><\/a><\/p>\n","protected":false},"excerpt":{"rendered":"<p>Ibrahim, der Leiter des von uns unterst\u00fctzten Waisenhauses, arbeitet als Reisef\u00fchrer. Das Geld, das er verdient, flie\u00dft direkt in seine Arbeit mit den Kindern. Er freut sich immer dar\u00fcber, neue Menschen aus der ganzen Welt<a class=\"read-more\" href=\"http:\/\/ghana-daakye.com\/?page_id=54\">Continue reading<\/a><\/p>\n","protected":false},"author":1,"featured_media":0,"parent":0,"menu_order":0,"comment_status":"closed","ping_status":"closed","template":"page-templates\/page_fullwidth.php","meta":[],"_links":{"self":[{"href":"http:\/\/ghana-daakye.com\/index.php?rest_route=\/wp\/v2\/pages\/54"}],"collection":[{"href":"http:\/\/ghana-daakye.com\/index.php?rest_route=\/wp\/v2\/pages"}],"about":[{"href":"http:\/\/ghana-daakye.com\/index.php?rest_route=\/wp\/v2\/types\/page"}],"author":[{"embeddable":true,"href":"http:\/\/ghana-daakye.com\/index.php?rest_route=\/wp\/v2\/users\/1"}],"replies":[{"embeddable":true,"href":"http:\/\/ghana-daakye.com\/index.php?rest_route=%2Fwp%2Fv2%2Fcomments&post=54"}],"version-history":[{"count":8,"href":"http:\/\/ghana-daakye.com\/index.php?rest_route=\/wp\/v2\/pages\/54\/revisions"}],"predecessor-version":[{"id":219,"href":"http:\/\/ghana-daakye.com\/index.php?rest_route=\/wp\/v2\/pages\/54\/revisions\/219"}],"wp:attachment":[{"href":"http:\/\/ghana-daakye.com\/index.php?rest_route=%2Fwp%2Fv2%2Fmedia&parent=54"}],"curies":[{"name":"wp","href":"https:\/\/api.w.org\/{rel}","templated":true}]}}