{"id":60,"date":"2017-12-29T13:33:37","date_gmt":"2017-12-29T12:33:37","guid":{"rendered":"http:\/\/ghana-daakye.com\/?page_id=60"},"modified":"2018-04-20T21:05:12","modified_gmt":"2018-04-20T20:05:12","slug":"spenden","status":"publish","type":"page","link":"http:\/\/ghana-daakye.com\/?page_id=60","title":{"rendered":"Spenden"},"content":{"rendered":"<p style=\"text-align: left;\">Damit unsere Projekte erfolgreich weitergef\u00fchrt werden k\u00f6nnen, ben\u00f6tigen wir Geld. Falls dich unsere Ideen \u00fcberzeugen und du uns finanziell unterst\u00fctzen m\u00f6chtest, stellen wir dir hier Kontodaten bereit, um genau das zu tun!<\/p>\n<p style=\"text-align: left;\"><strong><em>Kontoinhaberin: Melanie Borgert<\/em><\/strong><\/p>\n<p style=\"text-align: left;\"><strong><em>IBAN: DE05100110012621709613<\/em><\/strong><\/p>\n<p style=\"text-align: left;\"><strong><em>BIC: NTSBDEB1XXX<\/em><\/strong><\/p>\n<p><em>Achtung: Da wir kein eingetragener Verein sind, k\u00f6nnen wir aktuell keine Spendenquittungen ausstellen.<\/em><\/p>\n<p>Jeder Cent, den du spendest, flie\u00dft ausschlie\u00dflich in unsere Projekte. Wir arbeiten ehrenamtlich und tragen die Kosten f\u00fcr Werbeaktionen und \u00e4hnliches selbst.<\/p>\n<p>Aktuell unterst\u00fctzt du mit deiner Spende den Bau des Waisenhauses. M\u00f6chtest du ein anderes Projekt unterst\u00fctzen, gib bitte einen Verwendungszweck mit an.<\/p>\n","protected":false},"excerpt":{"rendered":"<p>Damit unsere Projekte erfolgreich weitergef\u00fchrt werden k\u00f6nnen, ben\u00f6tigen wir Geld. Falls dich unsere Ideen \u00fcberzeugen und du uns finanziell unterst\u00fctzen m\u00f6chtest, stellen wir dir hier Kontodaten bereit, um genau das zu tun! Kontoinhaberin: Melanie Borgert<a class=\"read-more\" href=\"http:\/\/ghana-daakye.com\/?page_id=60\">Continue reading<\/a><\/p>\n","protected":false},"author":1,"featured_media":0,"parent":14,"menu_order":0,"comment_status":"closed","ping_status":"closed","template":"page-templates\/page_fullwidth.php","meta":[],"_links":{"self":[{"href":"http:\/\/ghana-daakye.com\/index.php?rest_route=\/wp\/v2\/pages\/60"}],"collection":[{"href":"http:\/\/ghana-daakye.com\/index.php?rest_route=\/wp\/v2\/pages"}],"about":[{"href":"http:\/\/ghana-daakye.com\/index.php?rest_route=\/wp\/v2\/types\/page"}],"author":[{"embeddable":true,"href":"http:\/\/ghana-daakye.com\/index.php?rest_route=\/wp\/v2\/users\/1"}],"replies":[{"embeddable":true,"href":"http:\/\/ghana-daakye.com\/index.php?rest_route=%2Fwp%2Fv2%2Fcomments&post=60"}],"version-history":[{"count":6,"href":"http:\/\/ghana-daakye.com\/index.php?rest_route=\/wp\/v2\/pages\/60\/revisions"}],"predecessor-version":[{"id":274,"href":"http:\/\/ghana-daakye.com\/index.php?rest_route=\/wp\/v2\/pages\/60\/revisions\/274"}],"up":[{"embeddable":true,"href":"http:\/\/ghana-daakye.com\/index.php?rest_route=\/wp\/v2\/pages\/14"}],"wp:attachment":[{"href":"http:\/\/ghana-daakye.com\/index.php?rest_route=%2Fwp%2Fv2%2Fmedia&parent=60"}],"curies":[{"name":"wp","href":"https:\/\/api.w.org\/{rel}","templated":true}]}}