{"id":62,"date":"2017-12-29T13:33:49","date_gmt":"2017-12-29T12:33:49","guid":{"rendered":"http:\/\/ghana-daakye.com\/?page_id=62"},"modified":"2018-03-11T10:29:10","modified_gmt":"2018-03-11T09:29:10","slug":"freiwilligenarbeit","status":"publish","type":"page","link":"http:\/\/ghana-daakye.com\/?page_id=62","title":{"rendered":"Freiwilligenarbeit"},"content":{"rendered":"<p>Wir haben (noch) kein festes Freiwilligendienstprogramm. Bei Interesse melde dich aber gerne bei uns, wir k\u00f6nnen dich entweder weiter vermitteln oder gemeinsam \u00fcberlegen, wie wir dir einen Freiwilligendienst in einem unserer Projekte erm\u00f6glichen k\u00f6nnen! \ud83d\ude42<\/p>\n","protected":false},"excerpt":{"rendered":"<p>Wir haben (noch) kein festes Freiwilligendienstprogramm. Bei Interesse melde dich aber gerne bei uns, wir k\u00f6nnen dich entweder weiter vermitteln oder gemeinsam \u00fcberlegen, wie wir dir einen Freiwilligendienst in einem unserer Projekte erm\u00f6glichen k\u00f6nnen! \ud83d\ude42<\/p>\n","protected":false},"author":1,"featured_media":0,"parent":14,"menu_order":0,"comment_status":"closed","ping_status":"closed","template":"page-templates\/page_fullwidth.php","meta":[],"_links":{"self":[{"href":"http:\/\/ghana-daakye.com\/index.php?rest_route=\/wp\/v2\/pages\/62"}],"collection":[{"href":"http:\/\/ghana-daakye.com\/index.php?rest_route=\/wp\/v2\/pages"}],"about":[{"href":"http:\/\/ghana-daakye.com\/index.php?rest_route=\/wp\/v2\/types\/page"}],"author":[{"embeddable":true,"href":"http:\/\/ghana-daakye.com\/index.php?rest_route=\/wp\/v2\/users\/1"}],"replies":[{"embeddable":true,"href":"http:\/\/ghana-daakye.com\/index.php?rest_route=%2Fwp%2Fv2%2Fcomments&post=62"}],"version-history":[{"count":4,"href":"http:\/\/ghana-daakye.com\/index.php?rest_route=\/wp\/v2\/pages\/62\/revisions"}],"predecessor-version":[{"id":226,"href":"http:\/\/ghana-daakye.com\/index.php?rest_route=\/wp\/v2\/pages\/62\/revisions\/226"}],"up":[{"embeddable":true,"href":"http:\/\/ghana-daakye.com\/index.php?rest_route=\/wp\/v2\/pages\/14"}],"wp:attachment":[{"href":"http:\/\/ghana-daakye.com\/index.php?rest_route=%2Fwp%2Fv2%2Fmedia&parent=62"}],"curies":[{"name":"wp","href":"https:\/\/api.w.org\/{rel}","templated":true}]}}